{"id":37,"date":"2018-12-27T14:58:07","date_gmt":"2018-12-27T14:58:07","guid":{"rendered":"https:\/\/w-t.ch\/?page_id=37"},"modified":"2021-05-01T10:22:43","modified_gmt":"2021-05-01T10:22:43","slug":"wisi-taugwalder-it-solutions-und-edv-support-in-baar","status":"publish","type":"page","link":"https:\/\/w-t.ch\/index.php\/wisi-taugwalder-it-solutions-und-edv-support-in-baar\/","title":{"rendered":"EDV"},"content":{"rendered":"<div><img loading=\"lazy\" decoding=\"async\" class=\"alignnone size-full wp-image-11 aligncenter\" src=\"https:\/\/w-t.ch\/wp-content\/uploads\/2018\/12\/imagesSJDFDWCQ.jpg\" alt=\"\" width=\"242\" height=\"209\" \/><\/div>\n<div style=\"text-align: center;\">EDV Support<br \/>\nWir reparieren fast alle PC&#8217;s, Tablets, Laptops und Peripherieger\u00e4te.<\/div>\n<div style=\"text-align: center;\">IT-L\u00f6sungen<br \/>\nNetzwerke, Sicherungen, NAS, QNAP und weitere Ger\u00e4te und Vernetzungen sind unsere Passion<\/div>\n<div style=\"text-align: center;\">Ihr Webauftritt<br \/>\nEs ist uns eine Freude, Sie f\u00fcr Ihren eigenen Webauftritt auf diesem neuen Weg zu beraten und begleiten<\/div>\n","protected":false},"excerpt":{"rendered":"<p>EDV Support Wir reparieren fast alle PC&#8217;s, Tablets, Laptops und Peripherieger\u00e4te. IT-L\u00f6sungen Netzwerke, Sicherungen, NAS, QNAP und weitere Ger\u00e4te und Vernetzungen sind unsere Passion Ihr Webauftritt Es ist uns eine Freude, Sie f\u00fcr Ihren eigenen Webauftritt auf diesem neuen Weg zu beraten und begleiten<\/p>\n","protected":false},"author":1,"featured_media":0,"parent":0,"menu_order":0,"comment_status":"closed","ping_status":"closed","template":"","meta":{"site-sidebar-layout":"default","site-content-layout":"default","ast-site-content-layout":"default","site-content-style":"default","site-sidebar-style":"default","ast-global-header-display":"","ast-banner-title-visibility":"","ast-main-header-display":"","ast-hfb-above-header-display":"","ast-hfb-below-header-display":"","ast-hfb-mobile-header-display":"","site-post-title":"disabled","ast-breadcrumbs-content":"","ast-featured-img":"","footer-sml-layout":"","ast-disable-related-posts":"","theme-transparent-header-meta":"default","adv-header-id-meta":"","stick-header-meta":"","header-above-stick-meta":"","header-main-stick-meta":"","header-below-stick-meta":"","astra-migrate-meta-layouts":"default","ast-page-background-enabled":"default","ast-page-background-meta":{"desktop":{"background-color":"","background-image":"","background-repeat":"repeat","background-position":"center center","background-size":"auto","background-attachment":"scroll","background-type":"","background-media":"","overlay-type":"","overlay-color":"","overlay-opacity":"","overlay-gradient":""},"tablet":{"background-color":"","background-image":"","background-repeat":"repeat","background-position":"center center","background-size":"auto","background-attachment":"scroll","background-type":"","background-media":"","overlay-type":"","overlay-color":"","overlay-opacity":"","overlay-gradient":""},"mobile":{"background-color":"","background-image":"","background-repeat":"repeat","background-position":"center center","background-size":"auto","background-attachment":"scroll","background-type":"","background-media":"","overlay-type":"","overlay-color":"","overlay-opacity":"","overlay-gradient":""}},"ast-content-background-meta":{"desktop":{"background-color":"var(--ast-global-color-5)","background-image":"","background-repeat":"repeat","background-position":"center center","background-size":"auto","background-attachment":"scroll","background-type":"","background-media":"","overlay-type":"","overlay-color":"","overlay-opacity":"","overlay-gradient":""},"tablet":{"background-color":"var(--ast-global-color-5)","background-image":"","background-repeat":"repeat","background-position":"center center","background-size":"auto","background-attachment":"scroll","background-type":"","background-media":"","overlay-type":"","overlay-color":"","overlay-opacity":"","overlay-gradient":""},"mobile":{"background-color":"var(--ast-global-color-5)","background-image":"","background-repeat":"repeat","background-position":"center center","background-size":"auto","background-attachment":"scroll","background-type":"","background-media":"","overlay-type":"","overlay-color":"","overlay-opacity":"","overlay-gradient":""}},"footnotes":""},"class_list":["post-37","page","type-page","status-publish","hentry"],"yoast_head":"<!-- This site is optimized with the Yoast SEO plugin v27.2 - https:\/\/yoast.com\/product\/yoast-seo-wordpress\/ -->\n<title>edv support<\/title>\n<meta name=\"description\" content=\"Wisi Taugwalder, IT-Solutions, EDV Support, Baar, pc-reparaturen, verkauf, service, laptops, tablets, drucker, zentralschweiz\" \/>\n<meta name=\"robots\" content=\"index, follow, max-snippet:-1, max-image-preview:large, max-video-preview:-1\" \/>\n<link rel=\"canonical\" href=\"https:\/\/w-t.ch\/index.php\/wisi-taugwalder-it-solutions-und-edv-support-in-baar\/\" \/>\n<meta property=\"og:locale\" content=\"de_DE\" \/>\n<meta property=\"og:type\" content=\"article\" \/>\n<meta property=\"og:title\" content=\"edv support\" \/>\n<meta property=\"og:description\" content=\"Wisi Taugwalder, IT-Solutions, EDV Support, Baar, pc-reparaturen, verkauf, service, laptops, tablets, drucker, zentralschweiz\" \/>\n<meta property=\"og:url\" content=\"https:\/\/w-t.ch\/index.php\/wisi-taugwalder-it-solutions-und-edv-support-in-baar\/\" \/>\n<meta property=\"og:site_name\" content=\"Wisi Taugwalder Import &amp; Exxport\" \/>\n<meta property=\"article:publisher\" content=\"https:\/\/www.facebook.com\/profile.php?id=100008790303157&amp;amp%3bamp%3bamp%3bamp%3bamp%3bamp%3bamp%3bamp%3bamp%3bamp%3bamp%3bamp%3bamp%3bamp%3bamp%3bamp%3bamp%3bsk\" \/>\n<meta property=\"article:modified_time\" content=\"2021-05-01T10:22:43+00:00\" \/>\n<meta property=\"og:image\" content=\"https:\/\/w-t.ch\/wp-content\/uploads\/2018\/12\/imagesSJDFDWCQ.jpg\" \/>\n<meta name=\"twitter:card\" content=\"summary_large_image\" \/>\n<meta name=\"twitter:label1\" content=\"Gesch\u00e4tzte Lesezeit\" \/>\n\t<meta name=\"twitter:data1\" content=\"1\u00a0Minute\" \/>\n<script type=\"application\/ld+json\" class=\"yoast-schema-graph\">{\"@context\":\"https:\/\/schema.org\",\"@graph\":[{\"@type\":\"WebPage\",\"@id\":\"https:\/\/w-t.ch\/index.php\/wisi-taugwalder-it-solutions-und-edv-support-in-baar\/\",\"url\":\"https:\/\/w-t.ch\/index.php\/wisi-taugwalder-it-solutions-und-edv-support-in-baar\/\",\"name\":\"edv support\",\"isPartOf\":{\"@id\":\"https:\/\/w-t.ch\/#website\"},\"primaryImageOfPage\":{\"@id\":\"https:\/\/w-t.ch\/index.php\/wisi-taugwalder-it-solutions-und-edv-support-in-baar\/#primaryimage\"},\"image\":{\"@id\":\"https:\/\/w-t.ch\/index.php\/wisi-taugwalder-it-solutions-und-edv-support-in-baar\/#primaryimage\"},\"thumbnailUrl\":\"https:\/\/w-t.ch\/wp-content\/uploads\/2018\/12\/imagesSJDFDWCQ.jpg\",\"datePublished\":\"2018-12-27T14:58:07+00:00\",\"dateModified\":\"2021-05-01T10:22:43+00:00\",\"description\":\"Wisi Taugwalder, IT-Solutions, EDV Support, Baar, pc-reparaturen, verkauf, service, laptops, tablets, drucker, zentralschweiz\",\"breadcrumb\":{\"@id\":\"https:\/\/w-t.ch\/index.php\/wisi-taugwalder-it-solutions-und-edv-support-in-baar\/#breadcrumb\"},\"inLanguage\":\"de\",\"potentialAction\":[{\"@type\":\"ReadAction\",\"target\":[\"https:\/\/w-t.ch\/index.php\/wisi-taugwalder-it-solutions-und-edv-support-in-baar\/\"]}]},{\"@type\":\"ImageObject\",\"inLanguage\":\"de\",\"@id\":\"https:\/\/w-t.ch\/index.php\/wisi-taugwalder-it-solutions-und-edv-support-in-baar\/#primaryimage\",\"url\":\"https:\/\/w-t.ch\/wp-content\/uploads\/2018\/12\/imagesSJDFDWCQ.jpg\",\"contentUrl\":\"https:\/\/w-t.ch\/wp-content\/uploads\/2018\/12\/imagesSJDFDWCQ.jpg\",\"width\":242,\"height\":209},{\"@type\":\"BreadcrumbList\",\"@id\":\"https:\/\/w-t.ch\/index.php\/wisi-taugwalder-it-solutions-und-edv-support-in-baar\/#breadcrumb\",\"itemListElement\":[{\"@type\":\"ListItem\",\"position\":1,\"name\":\"Startseite\",\"item\":\"https:\/\/w-t.ch\/\"},{\"@type\":\"ListItem\",\"position\":2,\"name\":\"EDV\"}]},{\"@type\":\"WebSite\",\"@id\":\"https:\/\/w-t.ch\/#website\",\"url\":\"https:\/\/w-t.ch\/\",\"name\":\"Wisi Taugwalder\",\"description\":\"Maschinenmesser f\u00fcr die Kabelbearbeitung  - EDV Support - IT-Solutions - Betreuen und Erstellen von Webseiten - TimeWaver Support und Verkauf\",\"publisher\":{\"@id\":\"https:\/\/w-t.ch\/#organization\"},\"potentialAction\":[{\"@type\":\"SearchAction\",\"target\":{\"@type\":\"EntryPoint\",\"urlTemplate\":\"https:\/\/w-t.ch\/?s={search_term_string}\"},\"query-input\":{\"@type\":\"PropertyValueSpecification\",\"valueRequired\":true,\"valueName\":\"search_term_string\"}}],\"inLanguage\":\"de\"},{\"@type\":\"Organization\",\"@id\":\"https:\/\/w-t.ch\/#organization\",\"name\":\"Wisi Taugwalder Import & Export\",\"url\":\"https:\/\/w-t.ch\/\",\"logo\":{\"@type\":\"ImageObject\",\"inLanguage\":\"de\",\"@id\":\"https:\/\/w-t.ch\/#\/schema\/logo\/image\/\",\"url\":\"https:\/\/w-t.ch\/wp-content\/uploads\/2018\/12\/kopf200.jpg\",\"contentUrl\":\"https:\/\/w-t.ch\/wp-content\/uploads\/2018\/12\/kopf200.jpg\",\"width\":200,\"height\":104,\"caption\":\"Wisi Taugwalder Import & Export\"},\"image\":{\"@id\":\"https:\/\/w-t.ch\/#\/schema\/logo\/image\/\"},\"sameAs\":[\"https:\/\/www.facebook.com\/profile.php?id=100008790303157&amp;amp;amp;amp;amp;amp;amp;amp;amp;amp;amp;amp;amp;amp;amp;amp;amp;sk\"]}]}<\/script>\n<!-- \/ Yoast SEO plugin. -->","yoast_head_json":{"title":"edv support","description":"Wisi Taugwalder, IT-Solutions, EDV Support, Baar, pc-reparaturen, verkauf, service, laptops, tablets, drucker, zentralschweiz","robots":{"index":"index","follow":"follow","max-snippet":"max-snippet:-1","max-image-preview":"max-image-preview:large","max-video-preview":"max-video-preview:-1"},"canonical":"https:\/\/w-t.ch\/index.php\/wisi-taugwalder-it-solutions-und-edv-support-in-baar\/","og_locale":"de_DE","og_type":"article","og_title":"edv support","og_description":"Wisi Taugwalder, IT-Solutions, EDV Support, Baar, pc-reparaturen, verkauf, service, laptops, tablets, drucker, zentralschweiz","og_url":"https:\/\/w-t.ch\/index.php\/wisi-taugwalder-it-solutions-und-edv-support-in-baar\/","og_site_name":"Wisi Taugwalder Import &amp; Exxport","article_publisher":"https:\/\/www.facebook.com\/profile.php?id=100008790303157&amp%3bamp%3bamp%3bamp%3bamp%3bamp%3bamp%3bamp%3bamp%3bamp%3bamp%3bamp%3bamp%3bamp%3bamp%3bamp%3bamp%3bsk","article_modified_time":"2021-05-01T10:22:43+00:00","og_image":[{"url":"https:\/\/w-t.ch\/wp-content\/uploads\/2018\/12\/imagesSJDFDWCQ.jpg","type":"","width":"","height":""}],"twitter_card":"summary_large_image","twitter_misc":{"Gesch\u00e4tzte Lesezeit":"1\u00a0Minute"},"schema":{"@context":"https:\/\/schema.org","@graph":[{"@type":"WebPage","@id":"https:\/\/w-t.ch\/index.php\/wisi-taugwalder-it-solutions-und-edv-support-in-baar\/","url":"https:\/\/w-t.ch\/index.php\/wisi-taugwalder-it-solutions-und-edv-support-in-baar\/","name":"edv support","isPartOf":{"@id":"https:\/\/w-t.ch\/#website"},"primaryImageOfPage":{"@id":"https:\/\/w-t.ch\/index.php\/wisi-taugwalder-it-solutions-und-edv-support-in-baar\/#primaryimage"},"image":{"@id":"https:\/\/w-t.ch\/index.php\/wisi-taugwalder-it-solutions-und-edv-support-in-baar\/#primaryimage"},"thumbnailUrl":"https:\/\/w-t.ch\/wp-content\/uploads\/2018\/12\/imagesSJDFDWCQ.jpg","datePublished":"2018-12-27T14:58:07+00:00","dateModified":"2021-05-01T10:22:43+00:00","description":"Wisi Taugwalder, IT-Solutions, EDV Support, Baar, pc-reparaturen, verkauf, service, laptops, tablets, drucker, zentralschweiz","breadcrumb":{"@id":"https:\/\/w-t.ch\/index.php\/wisi-taugwalder-it-solutions-und-edv-support-in-baar\/#breadcrumb"},"inLanguage":"de","potentialAction":[{"@type":"ReadAction","target":["https:\/\/w-t.ch\/index.php\/wisi-taugwalder-it-solutions-und-edv-support-in-baar\/"]}]},{"@type":"ImageObject","inLanguage":"de","@id":"https:\/\/w-t.ch\/index.php\/wisi-taugwalder-it-solutions-und-edv-support-in-baar\/#primaryimage","url":"https:\/\/w-t.ch\/wp-content\/uploads\/2018\/12\/imagesSJDFDWCQ.jpg","contentUrl":"https:\/\/w-t.ch\/wp-content\/uploads\/2018\/12\/imagesSJDFDWCQ.jpg","width":242,"height":209},{"@type":"BreadcrumbList","@id":"https:\/\/w-t.ch\/index.php\/wisi-taugwalder-it-solutions-und-edv-support-in-baar\/#breadcrumb","itemListElement":[{"@type":"ListItem","position":1,"name":"Startseite","item":"https:\/\/w-t.ch\/"},{"@type":"ListItem","position":2,"name":"EDV"}]},{"@type":"WebSite","@id":"https:\/\/w-t.ch\/#website","url":"https:\/\/w-t.ch\/","name":"Wisi Taugwalder","description":"Maschinenmesser f\u00fcr die Kabelbearbeitung  - EDV Support - IT-Solutions - Betreuen und Erstellen von Webseiten - TimeWaver Support und Verkauf","publisher":{"@id":"https:\/\/w-t.ch\/#organization"},"potentialAction":[{"@type":"SearchAction","target":{"@type":"EntryPoint","urlTemplate":"https:\/\/w-t.ch\/?s={search_term_string}"},"query-input":{"@type":"PropertyValueSpecification","valueRequired":true,"valueName":"search_term_string"}}],"inLanguage":"de"},{"@type":"Organization","@id":"https:\/\/w-t.ch\/#organization","name":"Wisi Taugwalder Import & Export","url":"https:\/\/w-t.ch\/","logo":{"@type":"ImageObject","inLanguage":"de","@id":"https:\/\/w-t.ch\/#\/schema\/logo\/image\/","url":"https:\/\/w-t.ch\/wp-content\/uploads\/2018\/12\/kopf200.jpg","contentUrl":"https:\/\/w-t.ch\/wp-content\/uploads\/2018\/12\/kopf200.jpg","width":200,"height":104,"caption":"Wisi Taugwalder Import & Export"},"image":{"@id":"https:\/\/w-t.ch\/#\/schema\/logo\/image\/"},"sameAs":["https:\/\/www.facebook.com\/profile.php?id=100008790303157&amp;amp;amp;amp;amp;amp;amp;amp;amp;amp;amp;amp;amp;amp;amp;amp;amp;sk"]}]}},"_links":{"self":[{"href":"https:\/\/w-t.ch\/index.php\/wp-json\/wp\/v2\/pages\/37","targetHints":{"allow":["GET"]}}],"collection":[{"href":"https:\/\/w-t.ch\/index.php\/wp-json\/wp\/v2\/pages"}],"about":[{"href":"https:\/\/w-t.ch\/index.php\/wp-json\/wp\/v2\/types\/page"}],"author":[{"embeddable":true,"href":"https:\/\/w-t.ch\/index.php\/wp-json\/wp\/v2\/users\/1"}],"replies":[{"embeddable":true,"href":"https:\/\/w-t.ch\/index.php\/wp-json\/wp\/v2\/comments?post=37"}],"version-history":[{"count":3,"href":"https:\/\/w-t.ch\/index.php\/wp-json\/wp\/v2\/pages\/37\/revisions"}],"predecessor-version":[{"id":97,"href":"https:\/\/w-t.ch\/index.php\/wp-json\/wp\/v2\/pages\/37\/revisions\/97"}],"wp:attachment":[{"href":"https:\/\/w-t.ch\/index.php\/wp-json\/wp\/v2\/media?parent=37"}],"curies":[{"name":"wp","href":"https:\/\/api.w.org\/{rel}","templated":true}]}}