{"id":29,"date":"2018-12-27T14:48:00","date_gmt":"2018-12-27T14:48:00","guid":{"rendered":"https:\/\/w-t.ch\/?page_id=29"},"modified":"2020-07-13T10:00:35","modified_gmt":"2020-07-13T10:00:35","slug":"kontakt","status":"publish","type":"page","link":"https:\/\/w-t.ch\/index.php\/kontakt\/","title":{"rendered":"Kontakt"},"content":{"rendered":"<p style=\"text-align: center;\"><img loading=\"lazy\" decoding=\"async\" class=\"alignnone size-full wp-image-17\" src=\"https:\/\/w-t.ch\/wp-content\/uploads\/2018\/12\/kopf200.jpg\" alt=\"\" width=\"200\" height=\"104\" \/><\/p>\n<p style=\"text-align: center;\">Wisi Taugwalder<br \/>\nRigistrasse 178<br \/>\nCH-6340 Baar-Inwil<br \/>\n+41 41 761 79 26<br \/>\ninfo(@)w-t.ch<\/p>\n<p><a href=\"https:\/\/www.google.com\/maps\/place\/Wisi+Taugwalder+Import+%26+Export\/@47.1834302,8.5313655,15z\/data=!4m5!3m4!1s0x0:0x1a1b70ef4445e091!8m2!3d47.1834302!4d8.5313655\"><img loading=\"lazy\" decoding=\"async\" class=\"size-medium wp-image-31 aligncenter\" src=\"https:\/\/w-t.ch\/wp-content\/uploads\/2018\/12\/lageplan-300x217.png\" alt=\"\" width=\"300\" height=\"217\" srcset=\"https:\/\/w-t.ch\/wp-content\/uploads\/2018\/12\/lageplan-300x217.png 300w, https:\/\/w-t.ch\/wp-content\/uploads\/2018\/12\/lageplan.png 339w\" sizes=\"auto, (max-width: 300px) 100vw, 300px\" \/><\/a><\/p>\n<p>Du kannst Dich gerne n\u00e4her informieren. F\u00fclle einfach das Formular aus und sende dieses ab. Ich werde mich so rasch wie m\u00f6glich bei Dir melden. Vergiss bitte nicht Deine Mailadresse und Telefonnummer zu hinterlegen!<\/p>\n\n<div class=\"wpcf7 no-js\" id=\"wpcf7-f79-o1\" lang=\"de-DE\" dir=\"ltr\" data-wpcf7-id=\"79\">\n<div class=\"screen-reader-response\"><p role=\"status\" aria-live=\"polite\" aria-atomic=\"true\"><\/p> <ul><\/ul><\/div>\n<form action=\"\/index.php\/wp-json\/wp\/v2\/pages\/29#wpcf7-f79-o1\" method=\"post\" class=\"wpcf7-form init\" aria-label=\"Kontaktformular\" novalidate=\"novalidate\" data-status=\"init\">\n<fieldset class=\"hidden-fields-container\"><input type=\"hidden\" name=\"_wpcf7\" value=\"79\" \/><input type=\"hidden\" name=\"_wpcf7_version\" value=\"6.1.5\" \/><input type=\"hidden\" name=\"_wpcf7_locale\" value=\"de_DE\" \/><input type=\"hidden\" name=\"_wpcf7_unit_tag\" value=\"wpcf7-f79-o1\" \/><input type=\"hidden\" name=\"_wpcf7_container_post\" value=\"0\" \/><input type=\"hidden\" name=\"_wpcf7_posted_data_hash\" value=\"\" \/>\n<\/fieldset>\n<p><label> Dein Name (Pflichtfeld)<br \/>\n<span class=\"wpcf7-form-control-wrap\" data-name=\"your-name\"><input size=\"40\" maxlength=\"400\" class=\"wpcf7-form-control wpcf7-text wpcf7-validates-as-required\" aria-required=\"true\" aria-invalid=\"false\" value=\"\" type=\"text\" name=\"your-name\" \/><\/span> <\/label>\n<\/p>\n<p><label> Deine E-Mail-Adresse (Pflichtfeld)<br \/>\n<span class=\"wpcf7-form-control-wrap\" data-name=\"your-email\"><input size=\"40\" maxlength=\"400\" class=\"wpcf7-form-control wpcf7-email wpcf7-validates-as-required wpcf7-text wpcf7-validates-as-email\" aria-required=\"true\" aria-invalid=\"false\" value=\"\" type=\"email\" name=\"your-email\" \/><\/span> <\/label>\n<\/p>\n<p><label> Betreff<br \/>\n<span class=\"wpcf7-form-control-wrap\" data-name=\"your-subject\"><input size=\"40\" maxlength=\"400\" class=\"wpcf7-form-control wpcf7-text\" aria-invalid=\"false\" value=\"\" type=\"text\" name=\"your-subject\" \/><\/span> <\/label>\n<\/p>\n<p><label> Deine Nachricht<br \/>\n<span class=\"wpcf7-form-control-wrap\" data-name=\"your-message\"><textarea cols=\"40\" rows=\"10\" maxlength=\"2000\" class=\"wpcf7-form-control wpcf7-textarea\" aria-invalid=\"false\" name=\"your-message\"><\/textarea><\/span> <\/label>\n<\/p>\n<p><input class=\"wpcf7-form-control wpcf7-submit has-spinner\" type=\"submit\" value=\"Senden\" \/>\n<\/p><div class=\"wpcf7-response-output\" aria-hidden=\"true\"><\/div>\n<\/form>\n<\/div>\n\n","protected":false},"excerpt":{"rendered":"<p>Wisi Taugwalder Rigistrasse 178 CH-6340 Baar-Inwil +41 41 761 79 26 info(@)w-t.ch Du kannst Dich gerne n\u00e4her informieren. F\u00fclle einfach das Formular aus und sende dieses ab. Ich werde mich so rasch wie m\u00f6glich bei Dir melden. Vergiss bitte nicht Deine Mailadresse und Telefonnummer zu hinterlegen!<\/p>\n","protected":false},"author":1,"featured_media":0,"parent":0,"menu_order":0,"comment_status":"closed","ping_status":"closed","template":"","meta":{"site-sidebar-layout":"default","site-content-layout":"default","ast-site-content-layout":"default","site-content-style":"default","site-sidebar-style":"default","ast-global-header-display":"","ast-banner-title-visibility":"","ast-main-header-display":"","ast-hfb-above-header-display":"","ast-hfb-below-header-display":"","ast-hfb-mobile-header-display":"","site-post-title":"disabled","ast-breadcrumbs-content":"","ast-featured-img":"","footer-sml-layout":"","ast-disable-related-posts":"","theme-transparent-header-meta":"default","adv-header-id-meta":"","stick-header-meta":"","header-above-stick-meta":"","header-main-stick-meta":"","header-below-stick-meta":"","astra-migrate-meta-layouts":"default","ast-page-background-enabled":"default","ast-page-background-meta":{"desktop":{"background-color":"","background-image":"","background-repeat":"repeat","background-position":"center center","background-size":"auto","background-attachment":"scroll","background-type":"","background-media":"","overlay-type":"","overlay-color":"","overlay-opacity":"","overlay-gradient":""},"tablet":{"background-color":"","background-image":"","background-repeat":"repeat","background-position":"center center","background-size":"auto","background-attachment":"scroll","background-type":"","background-media":"","overlay-type":"","overlay-color":"","overlay-opacity":"","overlay-gradient":""},"mobile":{"background-color":"","background-image":"","background-repeat":"repeat","background-position":"center center","background-size":"auto","background-attachment":"scroll","background-type":"","background-media":"","overlay-type":"","overlay-color":"","overlay-opacity":"","overlay-gradient":""}},"ast-content-background-meta":{"desktop":{"background-color":"var(--ast-global-color-5)","background-image":"","background-repeat":"repeat","background-position":"center center","background-size":"auto","background-attachment":"scroll","background-type":"","background-media":"","overlay-type":"","overlay-color":"","overlay-opacity":"","overlay-gradient":""},"tablet":{"background-color":"var(--ast-global-color-5)","background-image":"","background-repeat":"repeat","background-position":"center center","background-size":"auto","background-attachment":"scroll","background-type":"","background-media":"","overlay-type":"","overlay-color":"","overlay-opacity":"","overlay-gradient":""},"mobile":{"background-color":"var(--ast-global-color-5)","background-image":"","background-repeat":"repeat","background-position":"center center","background-size":"auto","background-attachment":"scroll","background-type":"","background-media":"","overlay-type":"","overlay-color":"","overlay-opacity":"","overlay-gradient":""}},"footnotes":""},"class_list":["post-29","page","type-page","status-publish","hentry"],"yoast_head":"<!-- This site is optimized with the Yoast SEO plugin v27.2 - https:\/\/yoast.com\/product\/yoast-seo-wordpress\/ -->\n<title>wisi taugwalder kontaktformular<\/title>\n<meta name=\"robots\" content=\"index, follow, max-snippet:-1, max-image-preview:large, max-video-preview:-1\" \/>\n<link rel=\"canonical\" href=\"https:\/\/w-t.ch\/index.php\/kontakt\/\" \/>\n<meta property=\"og:locale\" content=\"de_DE\" \/>\n<meta property=\"og:type\" content=\"article\" \/>\n<meta property=\"og:title\" content=\"wisi taugwalder kontaktformular\" \/>\n<meta property=\"og:description\" content=\"Wisi Taugwalder Rigistrasse 178 CH-6340 Baar-Inwil +41 41 761 79 26 info(@)w-t.ch Du kannst Dich gerne n\u00e4her informieren. F\u00fclle einfach das Formular aus und sende dieses ab. Ich werde mich so rasch wie m\u00f6glich bei Dir melden. Vergiss bitte nicht Deine Mailadresse und Telefonnummer zu hinterlegen!\" \/>\n<meta property=\"og:url\" content=\"https:\/\/w-t.ch\/index.php\/kontakt\/\" \/>\n<meta property=\"og:site_name\" content=\"Wisi Taugwalder Import &amp; Exxport\" \/>\n<meta property=\"article:publisher\" content=\"https:\/\/www.facebook.com\/profile.php?id=100008790303157&amp;amp%3bamp%3bamp%3bamp%3bamp%3bamp%3bamp%3bamp%3bamp%3bamp%3bamp%3bamp%3bamp%3bamp%3bamp%3bamp%3bamp%3bsk\" \/>\n<meta property=\"article:modified_time\" content=\"2020-07-13T10:00:35+00:00\" \/>\n<meta property=\"og:image\" content=\"https:\/\/w-t.ch\/wp-content\/uploads\/2018\/12\/kopf200.jpg\" \/>\n<meta name=\"twitter:card\" content=\"summary_large_image\" \/>\n<script type=\"application\/ld+json\" class=\"yoast-schema-graph\">{\"@context\":\"https:\/\/schema.org\",\"@graph\":[{\"@type\":\"WebPage\",\"@id\":\"https:\/\/w-t.ch\/index.php\/kontakt\/\",\"url\":\"https:\/\/w-t.ch\/index.php\/kontakt\/\",\"name\":\"wisi taugwalder kontaktformular\",\"isPartOf\":{\"@id\":\"https:\/\/w-t.ch\/#website\"},\"primaryImageOfPage\":{\"@id\":\"https:\/\/w-t.ch\/index.php\/kontakt\/#primaryimage\"},\"image\":{\"@id\":\"https:\/\/w-t.ch\/index.php\/kontakt\/#primaryimage\"},\"thumbnailUrl\":\"https:\/\/w-t.ch\/wp-content\/uploads\/2018\/12\/kopf200.jpg\",\"datePublished\":\"2018-12-27T14:48:00+00:00\",\"dateModified\":\"2020-07-13T10:00:35+00:00\",\"breadcrumb\":{\"@id\":\"https:\/\/w-t.ch\/index.php\/kontakt\/#breadcrumb\"},\"inLanguage\":\"de\",\"potentialAction\":[{\"@type\":\"ReadAction\",\"target\":[\"https:\/\/w-t.ch\/index.php\/kontakt\/\"]}]},{\"@type\":\"ImageObject\",\"inLanguage\":\"de\",\"@id\":\"https:\/\/w-t.ch\/index.php\/kontakt\/#primaryimage\",\"url\":\"https:\/\/w-t.ch\/wp-content\/uploads\/2018\/12\/kopf200.jpg\",\"contentUrl\":\"https:\/\/w-t.ch\/wp-content\/uploads\/2018\/12\/kopf200.jpg\",\"width\":200,\"height\":104},{\"@type\":\"BreadcrumbList\",\"@id\":\"https:\/\/w-t.ch\/index.php\/kontakt\/#breadcrumb\",\"itemListElement\":[{\"@type\":\"ListItem\",\"position\":1,\"name\":\"Startseite\",\"item\":\"https:\/\/w-t.ch\/\"},{\"@type\":\"ListItem\",\"position\":2,\"name\":\"Kontakt\"}]},{\"@type\":\"WebSite\",\"@id\":\"https:\/\/w-t.ch\/#website\",\"url\":\"https:\/\/w-t.ch\/\",\"name\":\"Wisi Taugwalder\",\"description\":\"Maschinenmesser f\u00fcr die Kabelbearbeitung  - EDV Support - IT-Solutions - Betreuen und Erstellen von Webseiten - TimeWaver Support und Verkauf\",\"publisher\":{\"@id\":\"https:\/\/w-t.ch\/#organization\"},\"potentialAction\":[{\"@type\":\"SearchAction\",\"target\":{\"@type\":\"EntryPoint\",\"urlTemplate\":\"https:\/\/w-t.ch\/?s={search_term_string}\"},\"query-input\":{\"@type\":\"PropertyValueSpecification\",\"valueRequired\":true,\"valueName\":\"search_term_string\"}}],\"inLanguage\":\"de\"},{\"@type\":\"Organization\",\"@id\":\"https:\/\/w-t.ch\/#organization\",\"name\":\"Wisi Taugwalder Import & Export\",\"url\":\"https:\/\/w-t.ch\/\",\"logo\":{\"@type\":\"ImageObject\",\"inLanguage\":\"de\",\"@id\":\"https:\/\/w-t.ch\/#\/schema\/logo\/image\/\",\"url\":\"https:\/\/w-t.ch\/wp-content\/uploads\/2018\/12\/kopf200.jpg\",\"contentUrl\":\"https:\/\/w-t.ch\/wp-content\/uploads\/2018\/12\/kopf200.jpg\",\"width\":200,\"height\":104,\"caption\":\"Wisi Taugwalder Import & Export\"},\"image\":{\"@id\":\"https:\/\/w-t.ch\/#\/schema\/logo\/image\/\"},\"sameAs\":[\"https:\/\/www.facebook.com\/profile.php?id=100008790303157&amp;amp;amp;amp;amp;amp;amp;amp;amp;amp;amp;amp;amp;amp;amp;amp;amp;sk\"]}]}<\/script>\n<!-- \/ Yoast SEO plugin. -->","yoast_head_json":{"title":"wisi taugwalder kontaktformular","robots":{"index":"index","follow":"follow","max-snippet":"max-snippet:-1","max-image-preview":"max-image-preview:large","max-video-preview":"max-video-preview:-1"},"canonical":"https:\/\/w-t.ch\/index.php\/kontakt\/","og_locale":"de_DE","og_type":"article","og_title":"wisi taugwalder kontaktformular","og_description":"Wisi Taugwalder Rigistrasse 178 CH-6340 Baar-Inwil +41 41 761 79 26 info(@)w-t.ch Du kannst Dich gerne n\u00e4her informieren. F\u00fclle einfach das Formular aus und sende dieses ab. Ich werde mich so rasch wie m\u00f6glich bei Dir melden. Vergiss bitte nicht Deine Mailadresse und Telefonnummer zu hinterlegen!","og_url":"https:\/\/w-t.ch\/index.php\/kontakt\/","og_site_name":"Wisi Taugwalder Import &amp; Exxport","article_publisher":"https:\/\/www.facebook.com\/profile.php?id=100008790303157&amp%3bamp%3bamp%3bamp%3bamp%3bamp%3bamp%3bamp%3bamp%3bamp%3bamp%3bamp%3bamp%3bamp%3bamp%3bamp%3bamp%3bsk","article_modified_time":"2020-07-13T10:00:35+00:00","og_image":[{"url":"https:\/\/w-t.ch\/wp-content\/uploads\/2018\/12\/kopf200.jpg","type":"","width":"","height":""}],"twitter_card":"summary_large_image","schema":{"@context":"https:\/\/schema.org","@graph":[{"@type":"WebPage","@id":"https:\/\/w-t.ch\/index.php\/kontakt\/","url":"https:\/\/w-t.ch\/index.php\/kontakt\/","name":"wisi taugwalder kontaktformular","isPartOf":{"@id":"https:\/\/w-t.ch\/#website"},"primaryImageOfPage":{"@id":"https:\/\/w-t.ch\/index.php\/kontakt\/#primaryimage"},"image":{"@id":"https:\/\/w-t.ch\/index.php\/kontakt\/#primaryimage"},"thumbnailUrl":"https:\/\/w-t.ch\/wp-content\/uploads\/2018\/12\/kopf200.jpg","datePublished":"2018-12-27T14:48:00+00:00","dateModified":"2020-07-13T10:00:35+00:00","breadcrumb":{"@id":"https:\/\/w-t.ch\/index.php\/kontakt\/#breadcrumb"},"inLanguage":"de","potentialAction":[{"@type":"ReadAction","target":["https:\/\/w-t.ch\/index.php\/kontakt\/"]}]},{"@type":"ImageObject","inLanguage":"de","@id":"https:\/\/w-t.ch\/index.php\/kontakt\/#primaryimage","url":"https:\/\/w-t.ch\/wp-content\/uploads\/2018\/12\/kopf200.jpg","contentUrl":"https:\/\/w-t.ch\/wp-content\/uploads\/2018\/12\/kopf200.jpg","width":200,"height":104},{"@type":"BreadcrumbList","@id":"https:\/\/w-t.ch\/index.php\/kontakt\/#breadcrumb","itemListElement":[{"@type":"ListItem","position":1,"name":"Startseite","item":"https:\/\/w-t.ch\/"},{"@type":"ListItem","position":2,"name":"Kontakt"}]},{"@type":"WebSite","@id":"https:\/\/w-t.ch\/#website","url":"https:\/\/w-t.ch\/","name":"Wisi Taugwalder","description":"Maschinenmesser f\u00fcr die Kabelbearbeitung  - EDV Support - IT-Solutions - Betreuen und Erstellen von Webseiten - TimeWaver Support und Verkauf","publisher":{"@id":"https:\/\/w-t.ch\/#organization"},"potentialAction":[{"@type":"SearchAction","target":{"@type":"EntryPoint","urlTemplate":"https:\/\/w-t.ch\/?s={search_term_string}"},"query-input":{"@type":"PropertyValueSpecification","valueRequired":true,"valueName":"search_term_string"}}],"inLanguage":"de"},{"@type":"Organization","@id":"https:\/\/w-t.ch\/#organization","name":"Wisi Taugwalder Import & Export","url":"https:\/\/w-t.ch\/","logo":{"@type":"ImageObject","inLanguage":"de","@id":"https:\/\/w-t.ch\/#\/schema\/logo\/image\/","url":"https:\/\/w-t.ch\/wp-content\/uploads\/2018\/12\/kopf200.jpg","contentUrl":"https:\/\/w-t.ch\/wp-content\/uploads\/2018\/12\/kopf200.jpg","width":200,"height":104,"caption":"Wisi Taugwalder Import & Export"},"image":{"@id":"https:\/\/w-t.ch\/#\/schema\/logo\/image\/"},"sameAs":["https:\/\/www.facebook.com\/profile.php?id=100008790303157&amp;amp;amp;amp;amp;amp;amp;amp;amp;amp;amp;amp;amp;amp;amp;amp;amp;sk"]}]}},"_links":{"self":[{"href":"https:\/\/w-t.ch\/index.php\/wp-json\/wp\/v2\/pages\/29","targetHints":{"allow":["GET"]}}],"collection":[{"href":"https:\/\/w-t.ch\/index.php\/wp-json\/wp\/v2\/pages"}],"about":[{"href":"https:\/\/w-t.ch\/index.php\/wp-json\/wp\/v2\/types\/page"}],"author":[{"embeddable":true,"href":"https:\/\/w-t.ch\/index.php\/wp-json\/wp\/v2\/users\/1"}],"replies":[{"embeddable":true,"href":"https:\/\/w-t.ch\/index.php\/wp-json\/wp\/v2\/comments?post=29"}],"version-history":[{"count":5,"href":"https:\/\/w-t.ch\/index.php\/wp-json\/wp\/v2\/pages\/29\/revisions"}],"predecessor-version":[{"id":84,"href":"https:\/\/w-t.ch\/index.php\/wp-json\/wp\/v2\/pages\/29\/revisions\/84"}],"wp:attachment":[{"href":"https:\/\/w-t.ch\/index.php\/wp-json\/wp\/v2\/media?parent=29"}],"curies":[{"name":"wp","href":"https:\/\/api.w.org\/{rel}","templated":true}]}}