{"id":26,"date":"2018-12-27T14:42:45","date_gmt":"2018-12-27T14:42:45","guid":{"rendered":"https:\/\/w-t.ch\/?page_id=26"},"modified":"2018-12-31T08:57:08","modified_gmt":"2018-12-31T08:57:08","slug":"disclaimer","status":"publish","type":"page","link":"https:\/\/w-t.ch\/index.php\/disclaimer\/","title":{"rendered":"Disclaimer"},"content":{"rendered":"<div style=\"text-align: center;\">Wisi Taugwalder<br \/>\nRigistrasse 178<br \/>\n6341 Baar \/ Schweiz<br \/>\nTelefon: +41(0)41 761 79 26<br \/>\nE-Mail: info(at])w-t[dot]ch<\/div>\n<div style=\"text-align: center;\">Eintragung im Handelsregister.<br \/>\nRegistrierungsgericht: Zug<br \/>\nRegistrierungsnummer CH-170.1.002.463-5<br \/>\nMehrwertsteuer Nr. CHE-107.344.027<\/div>\n<div style=\"text-align: center;\">Angaben zur Berufshaftpflichtversicherung<br \/>\nSchweizerische Mobiliarversicherungsgesellschaft<br \/>\nGeneralagentur Zug<br \/>\nZeughausgasse 2<br \/>\n6301 Zug<br \/>\nPolice: MobiPro G-0311-5340<br \/>\nGeltung alle L\u00e4nder<\/div>\n<div style=\"text-align: center;\">Haftungsausschuss<br \/>\nHaftung f\u00fcr Inhalte<br \/>\nAls Dienstanbieter sind wir f\u00fcr eigene Inhalte auf diesen Seiten nach den allgemeinen Gesetzen verantwortlich. Wir sind als Dienstanbieter jedoch nicht verpflichtet, \u00fcbermittelte oder gespeicherte fremde Informationen zu \u00fcberwachen oder nach Umst\u00e4nden zu forschen, die auf eine rechtswidrige T\u00e4tigkeit hinweisen. Verpflichtungen zur Entfernung oder Sperrung der Nutzung von Informationen nach den allgemeinen Gesetzen bleiben hiervon unber\u00fchrt. Eine diesbez\u00fcgliche Haftung ist jedoch erst ab dem Zeitpunkt der Kenntnis einer konkreten Rechtsverletzung m\u00f6glich. Bei Bekanntwerden von entsprechenden Rechtsverletzungen werden wir diese Inhalte umgehend entfernen.<\/div>\n<div style=\"text-align: center;\">Haftung f\u00fcr Links<br \/>\nUnser Angebot enth\u00e4lt Links zu externen Webseiten Dritter, auf deren Inhalte wir keinen Einfluss haben. Deshalb k\u00f6nnen wir f\u00fcr diese fremden Inhalte auch keine Gew\u00e4hr \u00fcbernehmen. F\u00fcr die Inhalte der verlinkten Seiten ist stets der jeweilige Anbieter oder Betreiber der Seiten verantwortlich. Die verlinkten Seiten wurden zum Zeitpunkt der Verlinkung auf m\u00f6gliche Rechtsverst\u00f6\u00dfe \u00fcberpr\u00fcft. Rechtswidrige Inhalte waren zum Zeitpunkt der Verlinkung nicht erkennbar. Eine permanente inhaltliche Kontrolle der verlinkten Seiten ist jedoch ohne konkrete Anhaltspunkte einer Rechtsverletzung nicht zumutbar. Bei Bekanntwerden von Rechtsverletzungen werden wir derartige Links umgehend entfernen.<\/div>\n<div style=\"text-align: center;\">Urheberrecht<br \/>\nDie durch die Seitenbetreiber erstellten Inhalte und Werke auf diesen Seiten unterliegen dem schweizerischen Urheberrecht. Die Vervielf\u00e4ltigung, Bearbeitung, Verbreitung und jede Art der Verwertung au\u00dferhalb der Grenzen des Urheberrechtes bed\u00fcrfen der schriftlichen Zustimmung des jeweiligen Autors bzw. Erstellers. Downloads und Kopien dieser Seite sind nur f\u00fcr den privaten, nicht kommerziellen Gebrauch gestattet. Soweit die Inhalte auf dieser Seite nicht vom Betreiber erstellt wurden, werden die Urheberrechte Dritter beachtet. Insbesondere werden Inhalte Dritter als solche gekennzeichnet. Sollten Sie trotzdem auf eine Urheberrechtsverletzung aufmerksam werden, bitten wir um einen entsprechenden Hinweis. Bei Bekanntwerden von Rechtsverletzungen werden wir derartige Inhalte umgehend entfernen.<\/div>\n","protected":false},"excerpt":{"rendered":"<p>Wisi Taugwalder Rigistrasse 178 6341 Baar \/ Schweiz Telefon: +41(0)41 761 79 26 E-Mail: info(at])w-t[dot]ch Eintragung im Handelsregister. Registrierungsgericht: Zug Registrierungsnummer CH-170.1.002.463-5 Mehrwertsteuer Nr. CHE-107.344.027 Angaben zur Berufshaftpflichtversicherung Schweizerische Mobiliarversicherungsgesellschaft Generalagentur Zug Zeughausgasse 2 6301 Zug Police: MobiPro G-0311-5340 Geltung alle L\u00e4nder Haftungsausschuss Haftung f\u00fcr Inhalte Als Dienstanbieter sind wir f\u00fcr eigene Inhalte auf diesen [&hellip;]<\/p>\n","protected":false},"author":1,"featured_media":0,"parent":0,"menu_order":0,"comment_status":"closed","ping_status":"closed","template":"","meta":{"site-sidebar-layout":"default","site-content-layout":"default","ast-site-content-layout":"default","site-content-style":"default","site-sidebar-style":"default","ast-global-header-display":"","ast-banner-title-visibility":"","ast-main-header-display":"","ast-hfb-above-header-display":"","ast-hfb-below-header-display":"","ast-hfb-mobile-header-display":"","site-post-title":"disabled","ast-breadcrumbs-content":"","ast-featured-img":"","footer-sml-layout":"","ast-disable-related-posts":"","theme-transparent-header-meta":"default","adv-header-id-meta":"","stick-header-meta":"","header-above-stick-meta":"","header-main-stick-meta":"","header-below-stick-meta":"","astra-migrate-meta-layouts":"default","ast-page-background-enabled":"default","ast-page-background-meta":{"desktop":{"background-color":"","background-image":"","background-repeat":"repeat","background-position":"center center","background-size":"auto","background-attachment":"scroll","background-type":"","background-media":"","overlay-type":"","overlay-color":"","overlay-opacity":"","overlay-gradient":""},"tablet":{"background-color":"","background-image":"","background-repeat":"repeat","background-position":"center center","background-size":"auto","background-attachment":"scroll","background-type":"","background-media":"","overlay-type":"","overlay-color":"","overlay-opacity":"","overlay-gradient":""},"mobile":{"background-color":"","background-image":"","background-repeat":"repeat","background-position":"center center","background-size":"auto","background-attachment":"scroll","background-type":"","background-media":"","overlay-type":"","overlay-color":"","overlay-opacity":"","overlay-gradient":""}},"ast-content-background-meta":{"desktop":{"background-color":"var(--ast-global-color-5)","background-image":"","background-repeat":"repeat","background-position":"center center","background-size":"auto","background-attachment":"scroll","background-type":"","background-media":"","overlay-type":"","overlay-color":"","overlay-opacity":"","overlay-gradient":""},"tablet":{"background-color":"var(--ast-global-color-5)","background-image":"","background-repeat":"repeat","background-position":"center center","background-size":"auto","background-attachment":"scroll","background-type":"","background-media":"","overlay-type":"","overlay-color":"","overlay-opacity":"","overlay-gradient":""},"mobile":{"background-color":"var(--ast-global-color-5)","background-image":"","background-repeat":"repeat","background-position":"center center","background-size":"auto","background-attachment":"scroll","background-type":"","background-media":"","overlay-type":"","overlay-color":"","overlay-opacity":"","overlay-gradient":""}},"footnotes":""},"class_list":["post-26","page","type-page","status-publish","hentry"],"yoast_head":"<!-- This site is optimized with the Yoast SEO plugin v27.2 - https:\/\/yoast.com\/product\/yoast-seo-wordpress\/ -->\n<title>wisi taugwalder disclaimer<\/title>\n<meta name=\"robots\" content=\"index, follow, max-snippet:-1, max-image-preview:large, max-video-preview:-1\" \/>\n<link rel=\"canonical\" href=\"https:\/\/w-t.ch\/index.php\/disclaimer\/\" \/>\n<meta property=\"og:locale\" content=\"de_DE\" \/>\n<meta property=\"og:type\" content=\"article\" \/>\n<meta property=\"og:title\" content=\"wisi taugwalder disclaimer\" \/>\n<meta property=\"og:description\" content=\"Wisi Taugwalder Rigistrasse 178 6341 Baar \/ Schweiz Telefon: +41(0)41 761 79 26 E-Mail: info(at])w-t[dot]ch Eintragung im Handelsregister. Registrierungsgericht: Zug Registrierungsnummer CH-170.1.002.463-5 Mehrwertsteuer Nr. CHE-107.344.027 Angaben zur Berufshaftpflichtversicherung Schweizerische Mobiliarversicherungsgesellschaft Generalagentur Zug Zeughausgasse 2 6301 Zug Police: MobiPro G-0311-5340 Geltung alle L\u00e4nder Haftungsausschuss Haftung f\u00fcr Inhalte Als Dienstanbieter sind wir f\u00fcr eigene Inhalte auf diesen [&hellip;]\" \/>\n<meta property=\"og:url\" content=\"https:\/\/w-t.ch\/index.php\/disclaimer\/\" \/>\n<meta property=\"og:site_name\" content=\"Wisi Taugwalder Import &amp; Exxport\" \/>\n<meta property=\"article:publisher\" content=\"https:\/\/www.facebook.com\/profile.php?id=100008790303157&amp;amp%3bamp%3bamp%3bamp%3bamp%3bamp%3bamp%3bamp%3bamp%3bamp%3bamp%3bamp%3bamp%3bamp%3bamp%3bamp%3bamp%3bsk\" \/>\n<meta property=\"article:modified_time\" content=\"2018-12-31T08:57:08+00:00\" \/>\n<meta name=\"twitter:card\" content=\"summary_large_image\" \/>\n<meta name=\"twitter:label1\" content=\"Gesch\u00e4tzte Lesezeit\" \/>\n\t<meta name=\"twitter:data1\" content=\"2\u00a0Minuten\" \/>\n<script type=\"application\/ld+json\" class=\"yoast-schema-graph\">{\"@context\":\"https:\/\/schema.org\",\"@graph\":[{\"@type\":\"WebPage\",\"@id\":\"https:\/\/w-t.ch\/index.php\/disclaimer\/\",\"url\":\"https:\/\/w-t.ch\/index.php\/disclaimer\/\",\"name\":\"wisi taugwalder disclaimer\",\"isPartOf\":{\"@id\":\"https:\/\/w-t.ch\/#website\"},\"datePublished\":\"2018-12-27T14:42:45+00:00\",\"dateModified\":\"2018-12-31T08:57:08+00:00\",\"breadcrumb\":{\"@id\":\"https:\/\/w-t.ch\/index.php\/disclaimer\/#breadcrumb\"},\"inLanguage\":\"de\",\"potentialAction\":[{\"@type\":\"ReadAction\",\"target\":[\"https:\/\/w-t.ch\/index.php\/disclaimer\/\"]}]},{\"@type\":\"BreadcrumbList\",\"@id\":\"https:\/\/w-t.ch\/index.php\/disclaimer\/#breadcrumb\",\"itemListElement\":[{\"@type\":\"ListItem\",\"position\":1,\"name\":\"Startseite\",\"item\":\"https:\/\/w-t.ch\/\"},{\"@type\":\"ListItem\",\"position\":2,\"name\":\"Disclaimer\"}]},{\"@type\":\"WebSite\",\"@id\":\"https:\/\/w-t.ch\/#website\",\"url\":\"https:\/\/w-t.ch\/\",\"name\":\"Wisi Taugwalder\",\"description\":\"Maschinenmesser f\u00fcr die Kabelbearbeitung  - EDV Support - IT-Solutions - Betreuen und Erstellen von Webseiten - TimeWaver Support und Verkauf\",\"publisher\":{\"@id\":\"https:\/\/w-t.ch\/#organization\"},\"potentialAction\":[{\"@type\":\"SearchAction\",\"target\":{\"@type\":\"EntryPoint\",\"urlTemplate\":\"https:\/\/w-t.ch\/?s={search_term_string}\"},\"query-input\":{\"@type\":\"PropertyValueSpecification\",\"valueRequired\":true,\"valueName\":\"search_term_string\"}}],\"inLanguage\":\"de\"},{\"@type\":\"Organization\",\"@id\":\"https:\/\/w-t.ch\/#organization\",\"name\":\"Wisi Taugwalder Import & Export\",\"url\":\"https:\/\/w-t.ch\/\",\"logo\":{\"@type\":\"ImageObject\",\"inLanguage\":\"de\",\"@id\":\"https:\/\/w-t.ch\/#\/schema\/logo\/image\/\",\"url\":\"https:\/\/w-t.ch\/wp-content\/uploads\/2018\/12\/kopf200.jpg\",\"contentUrl\":\"https:\/\/w-t.ch\/wp-content\/uploads\/2018\/12\/kopf200.jpg\",\"width\":200,\"height\":104,\"caption\":\"Wisi Taugwalder Import & Export\"},\"image\":{\"@id\":\"https:\/\/w-t.ch\/#\/schema\/logo\/image\/\"},\"sameAs\":[\"https:\/\/www.facebook.com\/profile.php?id=100008790303157&amp;amp;amp;amp;amp;amp;amp;amp;amp;amp;amp;amp;amp;amp;amp;amp;amp;sk\"]}]}<\/script>\n<!-- \/ Yoast SEO plugin. -->","yoast_head_json":{"title":"wisi taugwalder disclaimer","robots":{"index":"index","follow":"follow","max-snippet":"max-snippet:-1","max-image-preview":"max-image-preview:large","max-video-preview":"max-video-preview:-1"},"canonical":"https:\/\/w-t.ch\/index.php\/disclaimer\/","og_locale":"de_DE","og_type":"article","og_title":"wisi taugwalder disclaimer","og_description":"Wisi Taugwalder Rigistrasse 178 6341 Baar \/ Schweiz Telefon: +41(0)41 761 79 26 E-Mail: info(at])w-t[dot]ch Eintragung im Handelsregister. Registrierungsgericht: Zug Registrierungsnummer CH-170.1.002.463-5 Mehrwertsteuer Nr. CHE-107.344.027 Angaben zur Berufshaftpflichtversicherung Schweizerische Mobiliarversicherungsgesellschaft Generalagentur Zug Zeughausgasse 2 6301 Zug Police: MobiPro G-0311-5340 Geltung alle L\u00e4nder Haftungsausschuss Haftung f\u00fcr Inhalte Als Dienstanbieter sind wir f\u00fcr eigene Inhalte auf diesen [&hellip;]","og_url":"https:\/\/w-t.ch\/index.php\/disclaimer\/","og_site_name":"Wisi Taugwalder Import &amp; Exxport","article_publisher":"https:\/\/www.facebook.com\/profile.php?id=100008790303157&amp%3bamp%3bamp%3bamp%3bamp%3bamp%3bamp%3bamp%3bamp%3bamp%3bamp%3bamp%3bamp%3bamp%3bamp%3bamp%3bamp%3bsk","article_modified_time":"2018-12-31T08:57:08+00:00","twitter_card":"summary_large_image","twitter_misc":{"Gesch\u00e4tzte Lesezeit":"2\u00a0Minuten"},"schema":{"@context":"https:\/\/schema.org","@graph":[{"@type":"WebPage","@id":"https:\/\/w-t.ch\/index.php\/disclaimer\/","url":"https:\/\/w-t.ch\/index.php\/disclaimer\/","name":"wisi taugwalder disclaimer","isPartOf":{"@id":"https:\/\/w-t.ch\/#website"},"datePublished":"2018-12-27T14:42:45+00:00","dateModified":"2018-12-31T08:57:08+00:00","breadcrumb":{"@id":"https:\/\/w-t.ch\/index.php\/disclaimer\/#breadcrumb"},"inLanguage":"de","potentialAction":[{"@type":"ReadAction","target":["https:\/\/w-t.ch\/index.php\/disclaimer\/"]}]},{"@type":"BreadcrumbList","@id":"https:\/\/w-t.ch\/index.php\/disclaimer\/#breadcrumb","itemListElement":[{"@type":"ListItem","position":1,"name":"Startseite","item":"https:\/\/w-t.ch\/"},{"@type":"ListItem","position":2,"name":"Disclaimer"}]},{"@type":"WebSite","@id":"https:\/\/w-t.ch\/#website","url":"https:\/\/w-t.ch\/","name":"Wisi Taugwalder","description":"Maschinenmesser f\u00fcr die Kabelbearbeitung  - EDV Support - IT-Solutions - Betreuen und Erstellen von Webseiten - TimeWaver Support und Verkauf","publisher":{"@id":"https:\/\/w-t.ch\/#organization"},"potentialAction":[{"@type":"SearchAction","target":{"@type":"EntryPoint","urlTemplate":"https:\/\/w-t.ch\/?s={search_term_string}"},"query-input":{"@type":"PropertyValueSpecification","valueRequired":true,"valueName":"search_term_string"}}],"inLanguage":"de"},{"@type":"Organization","@id":"https:\/\/w-t.ch\/#organization","name":"Wisi Taugwalder Import & Export","url":"https:\/\/w-t.ch\/","logo":{"@type":"ImageObject","inLanguage":"de","@id":"https:\/\/w-t.ch\/#\/schema\/logo\/image\/","url":"https:\/\/w-t.ch\/wp-content\/uploads\/2018\/12\/kopf200.jpg","contentUrl":"https:\/\/w-t.ch\/wp-content\/uploads\/2018\/12\/kopf200.jpg","width":200,"height":104,"caption":"Wisi Taugwalder Import & Export"},"image":{"@id":"https:\/\/w-t.ch\/#\/schema\/logo\/image\/"},"sameAs":["https:\/\/www.facebook.com\/profile.php?id=100008790303157&amp;amp;amp;amp;amp;amp;amp;amp;amp;amp;amp;amp;amp;amp;amp;amp;amp;sk"]}]}},"_links":{"self":[{"href":"https:\/\/w-t.ch\/index.php\/wp-json\/wp\/v2\/pages\/26","targetHints":{"allow":["GET"]}}],"collection":[{"href":"https:\/\/w-t.ch\/index.php\/wp-json\/wp\/v2\/pages"}],"about":[{"href":"https:\/\/w-t.ch\/index.php\/wp-json\/wp\/v2\/types\/page"}],"author":[{"embeddable":true,"href":"https:\/\/w-t.ch\/index.php\/wp-json\/wp\/v2\/users\/1"}],"replies":[{"embeddable":true,"href":"https:\/\/w-t.ch\/index.php\/wp-json\/wp\/v2\/comments?post=26"}],"version-history":[{"count":2,"href":"https:\/\/w-t.ch\/index.php\/wp-json\/wp\/v2\/pages\/26\/revisions"}],"predecessor-version":[{"id":43,"href":"https:\/\/w-t.ch\/index.php\/wp-json\/wp\/v2\/pages\/26\/revisions\/43"}],"wp:attachment":[{"href":"https:\/\/w-t.ch\/index.php\/wp-json\/wp\/v2\/media?parent=26"}],"curies":[{"name":"wp","href":"https:\/\/api.w.org\/{rel}","templated":true}]}}